{"id":230,"date":"2021-08-11T16:40:49","date_gmt":"2021-08-11T14:40:49","guid":{"rendered":"https:\/\/brixo.se\/privatlan\/?page_id=230"},"modified":"2023-11-20T16:59:18","modified_gmt":"2023-11-20T15:59:18","slug":"kontakta-oss","status":"publish","type":"page","link":"https:\/\/brixo.se\/privatlan\/om-brixo\/kontakta-oss\/","title":{"rendered":"Kontakta oss"},"content":{"rendered":"<style>#block_611e6e86e65d8 {background-image: url('https:\/\/brixo.se\/privatlan\/wp-content\/uploads\/2021\/08\/background-purple-mobile@2x.jpg');}@media(min-width: 768px) {#block_611e6e86e65d8 {background-image: url('https:\/\/brixo.se\/privatlan\/wp-content\/uploads\/2021\/08\/background-purple-desktop.jpg');}}<\/style>\n<div class=\"profet\">\n    <section class=\"page-title padding-top-xs-0 padding-bottom-xs-2 padding-bottom-lg-2  \">\n\n\n\n        <div class=\"container\">\n            <div id=\"block_611e6e86e65d8\" class=\"page-title-inner\" >\n                <div class=\"row\">\n                    <div class=\"col-12\">\n                                                    <h1>Kontakta oss<\/h1>\n                                            <\/div>\n                <\/div>\n            <\/div>\n        <\/div>\n\n\n\n    <\/section>\n<\/div>\n\n<div class=\"profet\">\n    <section class=\"content-boxes padding-top-xs-0 padding-bottom-xs-0 padding-top-lg-0 padding-bottom-lg-0  \" >\n        <div class=\"container\">\n            \n            \n                <!-- Mobile layout -->\n                \n                <!-- Desktop layout -->\n                <div class=\"\">\n                    <div class=\"content-boxes-wrapper padding-top-xs-2 padding-bottom-xs-2\">\n                        <div class=\"row justify-content-center\">\n                                                            <div class=\"col-12 col-md-6 col-lg-4 margin-bottom-xs-2\">\n                                    <div class=\"single-content-box\">\n                                        <div class=\"single-content-box-top\">\n                                                                                            <div class=\"content-box-image\">\n                                                    <img loading=\"lazy\" decoding=\"async\" width=\"640\" height=\"552\" src=\"https:\/\/brixo.se\/privatlan\/wp-content\/uploads\/2021\/08\/icon-map@2x.png\" class=\"attachment-large size-large\" alt=\"Karta ikon\" \/>                                                <\/div>\n                                                                                                                                        <h3 class=\"content-box-title\">Adress<\/h3>\n                                                                                                                                        <div class=\"content-box-text\"><p><a href=\"\/\">Brixo <\/a>AB, Brunnsgatan 21B<br \/>\n111 38 Stockholm<\/p>\n<\/div>\n                                                                                    <\/div>\n                                        <div class=\"single-content-box-bottom\">\n                                                                                    <\/div>\n                                    <\/div>\n                                <\/div>\n                                                            <div class=\"col-12 col-md-6 col-lg-4 margin-bottom-xs-2\">\n                                    <div class=\"single-content-box\">\n                                        <div class=\"single-content-box-top\">\n                                                                                            <div class=\"content-box-image\">\n                                                    <img loading=\"lazy\" decoding=\"async\" width=\"640\" height=\"640\" src=\"https:\/\/brixo.se\/privatlan\/wp-content\/uploads\/2021\/08\/icon-telephone@2x.png\" class=\"attachment-large size-large\" alt=\"Telefon ikon\" \/>                                                <\/div>\n                                                                                                                                        <h3 class=\"content-box-title\">Telefon (09-17)<\/h3>\n                                                                                                                                        <div class=\"content-box-text\"><p>08 &#8211; 500 850 47<\/p>\n<\/div>\n                                                                                    <\/div>\n                                        <div class=\"single-content-box-bottom\">\n                                                                                    <\/div>\n                                    <\/div>\n                                <\/div>\n                                                            <div class=\"col-12 col-md-6 col-lg-4 margin-bottom-xs-2\">\n                                    <div class=\"single-content-box\">\n                                        <div class=\"single-content-box-top\">\n                                                                                            <div class=\"content-box-image\">\n                                                    <img loading=\"lazy\" decoding=\"async\" width=\"640\" height=\"463\" src=\"https:\/\/brixo.se\/privatlan\/wp-content\/uploads\/2021\/08\/icon-email@2x.png\" class=\"attachment-large size-large\" alt=\"Brev ikon\" \/>                                                <\/div>\n                                                                                                                                        <h3 class=\"content-box-title\">E-post<\/h3>\n                                                                                                                                        <div class=\"content-box-text\"><p>info@brixo.se<\/p>\n<\/div>\n                                                                                    <\/div>\n                                        <div class=\"single-content-box-bottom\">\n                                                                                    <\/div>\n                                    <\/div>\n                                <\/div>\n                                                    <\/div>\n                    <\/div>\n                <\/div>\n            \n            \n        <\/div>\n\n\n    <\/section>\n<\/div>\n\n<style>#block_611247f7618cb {background-image: url('https:\/\/brixo.se\/privatlan\/wp-content\/uploads\/2021\/08\/background-contact-mobile@2x-e1629382238226.jpg');}@media(min-width: 768px) {#block_611247f7618cb {background-image: url('https:\/\/brixo.se\/privatlan\/wp-content\/uploads\/2021\/08\/background-contact-desktop.jpg');}}<\/style>\n<div class=\"profet\">\n    <section class=\"boxed-text-content padding-top-xs-0 padding-bottom-xs-2 padding-top-lg-0 padding-bottom-lg-4    \">\n        <div class=\"container\">\n            <div class=\"boxed-text-content-wrapper\" id=\"block_611247f7618cb\" style=\"background-color: #0075fc;\">\n                <div class=\"row\">\n                    <div class=\"col-12 col-lg-10 offset-lg-1\">\n                                                    <div class=\"text-wrapper\">\n                                <h3 style=\"text-align: center;\"><span style=\"color: #ffffff;\">Kontakta oss<\/span><\/h3>\n<script type=\"text\/javascript\">if(!gform){window.addEventListener(\"DOMContentLoaded\",function(){gform.domLoaded=!0});var gform={domLoaded:!1,initializeOnLoaded:function(o){gform.domLoaded?o():window.addEventListener(\"DOMContentLoaded\",o)},hooks:{action:{},filter:{}},addAction:function(o,n,r,t){gform.addHook(\"action\",o,n,r,t)},addFilter:function(o,n,r,t){gform.addHook(\"filter\",o,n,r,t)},doAction:function(o){gform.doHook(\"action\",o,arguments)},applyFilters:function(o){return gform.doHook(\"filter\",o,arguments)},removeAction:function(o,n){gform.removeHook(\"action\",o,n)},removeFilter:function(o,n,r){gform.removeHook(\"filter\",o,n,r)},addHook:function(o,n,r,t,i){null==gform.hooks[o][n]&&(gform.hooks[o][n]=[]);var e=gform.hooks[o][n];null==i&&(i=n+\"_\"+e.length),null==t&&(t=10),gform.hooks[o][n].push({tag:i,callable:r,priority:t})},doHook:function(o,n,r){if(r=Array.prototype.slice.call(r,1),null!=gform.hooks[o][n]){var t,i=gform.hooks[o][n];i.sort(function(o,n){return o.priority-n.priority});for(var e=0;e<i.length;e++)\"function\"!=typeof(t=i[e].callable)&#038;&#038;(t=window[t]),\"action\"==o?t.apply(null,r):r[0]=t.apply(null,r)}if(\"filter\"==o)return r[0]},removeHook:function(o,n,r,t){if(null!=gform.hooks[o][n])for(var i=gform.hooks[o][n],e=i.length-1;0<=e;e--)null!=t&#038;&#038;t!=i[e].tag||null!=r&#038;&#038;r!=i[e].priority||i.splice(e,1)}}}<\/script>\n                <div class='gf_browser_gecko gform_wrapper gravity-theme' id='gform_wrapper_1' ><div id='gf_1' class='gform_anchor' tabindex='-1'><\/div><form method='post' enctype='multipart\/form-data' target='gform_ajax_frame_1' id='gform_1'  action='\/privatlan\/wp-json\/wp\/v2\/pages\/230#gf_1' novalidate>\n                        <div class='gform_body gform-body'><div id='gform_fields_1' class='gform_fields top_label form_sublabel_below description_below'><div id=\"field_1_1\" class=\"gfield gfield--width-half gfield_contains_required field_sublabel_below field_description_below gfield_visibility_visible\" ><label class='gfield_label' for='input_1_1' >Namn<span class=\"gfield_required\"><span class=\"gfield_required gfield_required_text\">(Required)<\/span><\/span><\/label><div class='ginput_container ginput_container_text'><input name='input_1' id='input_1_1' type='text' value='' class='large'     aria-required=\"true\" aria-invalid=\"false\"   \/> <\/div><\/div><div id=\"field_1_2\" class=\"gfield gfield--width-half gfield_contains_required field_sublabel_below field_description_below gfield_visibility_visible\" ><label class='gfield_label' for='input_1_2' >Mobiltelefon<span class=\"gfield_required\"><span class=\"gfield_required gfield_required_text\">(Required)<\/span><\/span><\/label><div class='ginput_container ginput_container_text'><input name='input_2' id='input_1_2' type='text' value='' class='large'     aria-required=\"true\" aria-invalid=\"false\"   \/> <\/div><\/div><div id=\"field_1_3\" class=\"gfield gfield--width-half gfield_contains_required field_sublabel_below field_description_below gfield_visibility_visible\" ><label class='gfield_label' for='input_1_3' >E-post<span class=\"gfield_required\"><span class=\"gfield_required gfield_required_text\">(Required)<\/span><\/span><\/label><div class='ginput_container ginput_container_email'>\n                            <input name='input_3' id='input_1_3' type='email' value='' class='large'    aria-required=\"true\" aria-invalid=\"false\"  \/>\n                        <\/div><\/div><div id=\"field_1_4\" class=\"gfield gfield--width-half field_sublabel_below field_description_below gfield_visibility_visible\" ><label class='gfield_label' for='input_1_4' >\u00c4mne<\/label><div class='ginput_container ginput_container_text'><input name='input_4' id='input_1_4' type='text' value='' class='large'      aria-invalid=\"false\"   \/> <\/div><\/div><div id=\"field_1_5\" class=\"gfield gfield--width-full gfield_contains_required field_sublabel_below field_description_below gfield_visibility_visible\" ><label class='gfield_label' for='input_1_5' >Meddelande<span class=\"gfield_required\"><span class=\"gfield_required gfield_required_text\">(Required)<\/span><\/span><\/label><div class='ginput_container ginput_container_textarea'><textarea name='input_5' id='input_1_5' class='textarea large'     aria-required=\"true\" aria-invalid=\"false\"   rows='10' cols='50'><\/textarea><\/div><\/div><fieldset id=\"field_1_6\" class=\"gfield gfield--width-full gfield_contains_required field_sublabel_below field_description_below gfield_visibility_visible\" ><legend class='gfield_label screen-reader-text gfield_label_before_complex'  ><span class=\"gfield_required\"><span class=\"gfield_required gfield_required_text\">(Required)<\/span><\/span><\/legend><div class='ginput_container ginput_container_consent'><input name='input_6.1' id='input_1_6_1' type='checkbox' value='1'   aria-required=\"true\" aria-invalid=\"false\"   \/> <label class=\"gfield_consent_label\" for='input_1_6_1' >Jag har l\u00e4st och godk\u00e4nner <a href=\"\/vara-villkor\/\" target=\"_blank\">Allm\u00e4nna villkor, SEKKI och behandling av mina personuppgifter<\/a>.<\/label><input type='hidden' name='input_6.2' value='Jag har l\u00e4st och godk\u00e4nner &lt;a href=&quot;\/vara-villkor\/&quot; target=&quot;_blank&quot;&gt;Allm\u00e4nna villkor, SEKKI och behandling av mina personuppgifter&lt;\/a&gt;.' class='gform_hidden' \/><input type='hidden' name='input_6.3' value='1' class='gform_hidden' \/><\/div><\/fieldset><div id=\"field_1_7\" class=\"gfield gform_validation_container field_sublabel_below field_description_below gfield_visibility_visible\" ><label class='gfield_label' for='input_1_7' >Phone<\/label><div class='ginput_container'><input name='input_7' id='input_1_7' type='text' value='' autocomplete='new-password'\/><\/div><div class='gfield_description' id='gfield_description_1_7'>This field is for validation purposes and should be left unchanged.<\/div><\/div><\/div><\/div>\n        <div class='gform_footer top_label'> <input type='submit' id='gform_submit_button_1' class='gform_button button' value='Skicka'  onclick='if(window[\"gf_submitting_1\"]){return false;}  if( !jQuery(\"#gform_1\")[0].checkValidity || jQuery(\"#gform_1\")[0].checkValidity()){window[\"gf_submitting_1\"]=true;}  ' onkeypress='if( event.keyCode == 13 ){ if(window[\"gf_submitting_1\"]){return false;} if( !jQuery(\"#gform_1\")[0].checkValidity || jQuery(\"#gform_1\")[0].checkValidity()){window[\"gf_submitting_1\"]=true;}  jQuery(\"#gform_1\").trigger(\"submit\",[true]); }' \/> <input type='hidden' name='gform_ajax' value='form_id=1&amp;title=&amp;description=&amp;tabindex=0' \/>\n            <input type='hidden' class='gform_hidden' name='is_submit_1' value='1' \/>\n            <input type='hidden' class='gform_hidden' name='gform_submit' value='1' \/>\n            \n            <input type='hidden' class='gform_hidden' name='gform_unique_id' value='' \/>\n            <input type='hidden' class='gform_hidden' name='state_1' value='WyJ7XCI2LjFcIjpcImQ0NTVmNTlkMGU4ZDgyMzhlYzU1MWMzYzhiNTRiYTEzXCIsXCI2LjJcIjpcIjA0M2YxZWIwMmRmN2EwNGUyYjIyMWE0YzFlODgwMjYwXCIsXCI2LjNcIjpcImQ0NTVmNTlkMGU4ZDgyMzhlYzU1MWMzYzhiNTRiYTEzXCJ9IiwiYTA0MjljMWYyNDc1YThjNWNiYTZkMTU5Y2M4NjRhNGIiXQ==' \/>\n            <input type='hidden' class='gform_hidden' name='gform_target_page_number_1' id='gform_target_page_number_1' value='0' \/>\n            <input type='hidden' class='gform_hidden' name='gform_source_page_number_1' id='gform_source_page_number_1' value='1' \/>\n            <input type='hidden' name='gform_field_values' value='' \/>\n            \n        <\/div>\n                        <\/form>\n                        <\/div>\n                <iframe style='display:none;width:0px;height:0px;' src='about:blank' name='gform_ajax_frame_1' id='gform_ajax_frame_1' title='This iframe contains the logic required to handle Ajax powered Gravity Forms.'><\/iframe>\n                <script type='text\/javascript'>gform.initializeOnLoaded( function() {gformInitSpinner( 1, 'https:\/\/brixo.se\/privatlan\/wp-content\/plugins\/gravityforms\/images\/spinner.svg' );jQuery('#gform_ajax_frame_1').on('load',function(){var contents = jQuery(this).contents().find('*').html();var is_postback = contents.indexOf('GF_AJAX_POSTBACK') >= 0;if(!is_postback){return;}var form_content = jQuery(this).contents().find('#gform_wrapper_1');var is_confirmation = jQuery(this).contents().find('#gform_confirmation_wrapper_1').length > 0;var is_redirect = contents.indexOf('gformRedirect(){') >= 0;var is_form = form_content.length > 0 && ! is_redirect && ! is_confirmation;var mt = parseInt(jQuery('html').css('margin-top'), 10) + parseInt(jQuery('body').css('margin-top'), 10) + 100;if(is_form){jQuery('#gform_wrapper_1').html(form_content.html());if(form_content.hasClass('gform_validation_error')){jQuery('#gform_wrapper_1').addClass('gform_validation_error');} else {jQuery('#gform_wrapper_1').removeClass('gform_validation_error');}setTimeout( function() { \/* delay the scroll by 50 milliseconds to fix a bug in chrome *\/ jQuery(document).scrollTop(jQuery('#gform_wrapper_1').offset().top - mt); }, 50 );if(window['gformInitDatepicker']) {gformInitDatepicker();}if(window['gformInitPriceFields']) {gformInitPriceFields();}var current_page = jQuery('#gform_source_page_number_1').val();gformInitSpinner( 1, 'https:\/\/brixo.se\/privatlan\/wp-content\/plugins\/gravityforms\/images\/spinner.svg' );jQuery(document).trigger('gform_page_loaded', [1, current_page]);window['gf_submitting_1'] = false;}else if(!is_redirect){var confirmation_content = jQuery(this).contents().find('.GF_AJAX_POSTBACK').html();if(!confirmation_content){confirmation_content = contents;}setTimeout(function(){jQuery('#gform_wrapper_1').replaceWith(confirmation_content);jQuery(document).scrollTop(jQuery('#gf_1').offset().top - mt);jQuery(document).trigger('gform_confirmation_loaded', [1]);window['gf_submitting_1'] = false;wp.a11y.speak(jQuery('#gform_confirmation_message_1').text());}, 50);}else{jQuery('#gform_1').append(contents);if(window['gformRedirect']) {gformRedirect();}}jQuery(document).trigger('gform_post_render', [1, current_page]);} );} );<\/script>\n                            <\/div>\n                                            <\/div>\n                                                        <\/div>\n            <\/div>\n        <\/div>\n    <\/section>\n<\/div>","protected":false},"excerpt":{"rendered":"","protected":false},"author":2,"featured_media":0,"parent":208,"menu_order":0,"comment_status":"closed","ping_status":"closed","template":"","meta":{"_acf_changed":false,"footnotes":""},"categories":[],"acf":[],"yoast_head":"<!-- This site is optimized with the Yoast SEO plugin v22.2 - https:\/\/yoast.com\/wordpress\/plugins\/seo\/ -->\n<title>Kontakta Brixo - V\u00e5ra kontaktuppgifter<\/title>\n<meta name=\"description\" content=\"Hitta telefonnummer, e-postadress och \u00f6ppettider f\u00f6r Brixo AB. Kontakta v\u00e5r kundtj\u00e4nst och f\u00e5 r\u00e5dgivning och hj\u00e4lp med dina l\u00e5n.\" \/>\n<meta name=\"robots\" content=\"index, follow, max-snippet:-1, max-image-preview:large, max-video-preview:-1\" \/>\n<link rel=\"canonical\" href=\"https:\/\/brixo.se\/privatlan\/om-brixo\/kontakta-oss\/\" \/>\n<meta property=\"og:locale\" content=\"en_US\" \/>\n<meta property=\"og:type\" content=\"article\" \/>\n<meta property=\"og:title\" content=\"Kontakta Brixo - V\u00e5ra kontaktuppgifter\" \/>\n<meta property=\"og:description\" content=\"Hitta telefonnummer, e-postadress och \u00f6ppettider f\u00f6r Brixo AB. Kontakta v\u00e5r kundtj\u00e4nst och f\u00e5 r\u00e5dgivning och hj\u00e4lp med dina l\u00e5n.\" \/>\n<meta property=\"og:url\" content=\"https:\/\/brixo.se\/privatlan\/om-brixo\/kontakta-oss\/\" \/>\n<meta property=\"og:site_name\" content=\"Brixo\" \/>\n<meta property=\"article:publisher\" content=\"https:\/\/sv-se.facebook.com\/brixoab\/\" \/>\n<meta property=\"article:modified_time\" content=\"2023-11-20T15:59:18+00:00\" \/>\n<meta property=\"og:image\" content=\"https:\/\/brixo.se\/privatlan\/wp-content\/uploads\/2022\/06\/Brixo-Logo-01.png\" \/>\n\t<meta property=\"og:image:width\" content=\"1399\" \/>\n\t<meta property=\"og:image:height\" content=\"523\" \/>\n\t<meta property=\"og:image:type\" content=\"image\/png\" \/>\n<meta name=\"twitter:card\" content=\"summary_large_image\" \/>\n<script type=\"application\/ld+json\" class=\"yoast-schema-graph\">{\"@context\":\"https:\/\/schema.org\",\"@graph\":[{\"@type\":\"WebPage\",\"@id\":\"https:\/\/brixo.se\/privatlan\/om-brixo\/kontakta-oss\/\",\"url\":\"https:\/\/brixo.se\/privatlan\/om-brixo\/kontakta-oss\/\",\"name\":\"Kontakta Brixo - V\u00e5ra kontaktuppgifter\",\"isPartOf\":{\"@id\":\"https:\/\/brixo.se\/privatlan\/#website\"},\"datePublished\":\"2021-08-11T14:40:49+00:00\",\"dateModified\":\"2023-11-20T15:59:18+00:00\",\"description\":\"Hitta telefonnummer, e-postadress och \u00f6ppettider f\u00f6r Brixo AB. Kontakta v\u00e5r kundtj\u00e4nst och f\u00e5 r\u00e5dgivning och hj\u00e4lp med dina l\u00e5n.\",\"breadcrumb\":{\"@id\":\"https:\/\/brixo.se\/privatlan\/om-brixo\/kontakta-oss\/#breadcrumb\"},\"inLanguage\":\"en-US\",\"potentialAction\":[{\"@type\":\"ReadAction\",\"target\":[\"https:\/\/brixo.se\/privatlan\/om-brixo\/kontakta-oss\/\"]}]},{\"@type\":\"BreadcrumbList\",\"@id\":\"https:\/\/brixo.se\/privatlan\/om-brixo\/kontakta-oss\/#breadcrumb\",\"itemListElement\":[{\"@type\":\"ListItem\",\"position\":1,\"name\":\"Home\",\"item\":\"https:\/\/brixo.se\/privatlan\/\"},{\"@type\":\"ListItem\",\"position\":2,\"name\":\"Om Brixo AB\",\"item\":\"https:\/\/brixo.se\/privatlan\/?page_id=208\"},{\"@type\":\"ListItem\",\"position\":3,\"name\":\"Kontakta oss\"}]},{\"@type\":\"WebSite\",\"@id\":\"https:\/\/brixo.se\/privatlan\/#website\",\"url\":\"https:\/\/brixo.se\/privatlan\/\",\"name\":\"Brixo\",\"description\":\"\",\"publisher\":{\"@id\":\"https:\/\/brixo.se\/privatlan\/#organization\"},\"potentialAction\":[{\"@type\":\"SearchAction\",\"target\":{\"@type\":\"EntryPoint\",\"urlTemplate\":\"https:\/\/brixo.se\/privatlan\/?s={search_term_string}\"},\"query-input\":\"required name=search_term_string\"}],\"inLanguage\":\"en-US\"},{\"@type\":\"Organization\",\"@id\":\"https:\/\/brixo.se\/privatlan\/#organization\",\"name\":\"Brixo AB\",\"url\":\"https:\/\/brixo.se\/privatlan\/\",\"logo\":{\"@type\":\"ImageObject\",\"inLanguage\":\"en-US\",\"@id\":\"https:\/\/brixo.se\/privatlan\/#\/schema\/logo\/image\/\",\"url\":\"https:\/\/brixo.se\/privatlan\/wp-content\/uploads\/2022\/05\/Brixo-Logo-01.png\",\"contentUrl\":\"https:\/\/brixo.se\/privatlan\/wp-content\/uploads\/2022\/05\/Brixo-Logo-01.png\",\"width\":1399,\"height\":523,\"caption\":\"Brixo AB\"},\"image\":{\"@id\":\"https:\/\/brixo.se\/privatlan\/#\/schema\/logo\/image\/\"},\"sameAs\":[\"https:\/\/sv-se.facebook.com\/brixoab\/\"]}]}<\/script>\n<!-- \/ Yoast SEO plugin. -->","yoast_head_json":{"title":"Kontakta Brixo - V\u00e5ra kontaktuppgifter","description":"Hitta telefonnummer, e-postadress och \u00f6ppettider f\u00f6r Brixo AB. Kontakta v\u00e5r kundtj\u00e4nst och f\u00e5 r\u00e5dgivning och hj\u00e4lp med dina l\u00e5n.","robots":{"index":"index","follow":"follow","max-snippet":"max-snippet:-1","max-image-preview":"max-image-preview:large","max-video-preview":"max-video-preview:-1"},"canonical":"https:\/\/brixo.se\/privatlan\/om-brixo\/kontakta-oss\/","og_locale":"en_US","og_type":"article","og_title":"Kontakta Brixo - V\u00e5ra kontaktuppgifter","og_description":"Hitta telefonnummer, e-postadress och \u00f6ppettider f\u00f6r Brixo AB. Kontakta v\u00e5r kundtj\u00e4nst och f\u00e5 r\u00e5dgivning och hj\u00e4lp med dina l\u00e5n.","og_url":"https:\/\/brixo.se\/privatlan\/om-brixo\/kontakta-oss\/","og_site_name":"Brixo","article_publisher":"https:\/\/sv-se.facebook.com\/brixoab\/","article_modified_time":"2023-11-20T15:59:18+00:00","og_image":[{"width":1399,"height":523,"url":"https:\/\/brixo.se\/privatlan\/wp-content\/uploads\/2022\/06\/Brixo-Logo-01.png","type":"image\/png"}],"twitter_card":"summary_large_image","schema":{"@context":"https:\/\/schema.org","@graph":[{"@type":"WebPage","@id":"https:\/\/brixo.se\/privatlan\/om-brixo\/kontakta-oss\/","url":"https:\/\/brixo.se\/privatlan\/om-brixo\/kontakta-oss\/","name":"Kontakta Brixo - V\u00e5ra kontaktuppgifter","isPartOf":{"@id":"https:\/\/brixo.se\/privatlan\/#website"},"datePublished":"2021-08-11T14:40:49+00:00","dateModified":"2023-11-20T15:59:18+00:00","description":"Hitta telefonnummer, e-postadress och \u00f6ppettider f\u00f6r Brixo AB. Kontakta v\u00e5r kundtj\u00e4nst och f\u00e5 r\u00e5dgivning och hj\u00e4lp med dina l\u00e5n.","breadcrumb":{"@id":"https:\/\/brixo.se\/privatlan\/om-brixo\/kontakta-oss\/#breadcrumb"},"inLanguage":"en-US","potentialAction":[{"@type":"ReadAction","target":["https:\/\/brixo.se\/privatlan\/om-brixo\/kontakta-oss\/"]}]},{"@type":"BreadcrumbList","@id":"https:\/\/brixo.se\/privatlan\/om-brixo\/kontakta-oss\/#breadcrumb","itemListElement":[{"@type":"ListItem","position":1,"name":"Home","item":"https:\/\/brixo.se\/privatlan\/"},{"@type":"ListItem","position":2,"name":"Om Brixo AB","item":"https:\/\/brixo.se\/privatlan\/?page_id=208"},{"@type":"ListItem","position":3,"name":"Kontakta oss"}]},{"@type":"WebSite","@id":"https:\/\/brixo.se\/privatlan\/#website","url":"https:\/\/brixo.se\/privatlan\/","name":"Brixo","description":"","publisher":{"@id":"https:\/\/brixo.se\/privatlan\/#organization"},"potentialAction":[{"@type":"SearchAction","target":{"@type":"EntryPoint","urlTemplate":"https:\/\/brixo.se\/privatlan\/?s={search_term_string}"},"query-input":"required name=search_term_string"}],"inLanguage":"en-US"},{"@type":"Organization","@id":"https:\/\/brixo.se\/privatlan\/#organization","name":"Brixo AB","url":"https:\/\/brixo.se\/privatlan\/","logo":{"@type":"ImageObject","inLanguage":"en-US","@id":"https:\/\/brixo.se\/privatlan\/#\/schema\/logo\/image\/","url":"https:\/\/brixo.se\/privatlan\/wp-content\/uploads\/2022\/05\/Brixo-Logo-01.png","contentUrl":"https:\/\/brixo.se\/privatlan\/wp-content\/uploads\/2022\/05\/Brixo-Logo-01.png","width":1399,"height":523,"caption":"Brixo AB"},"image":{"@id":"https:\/\/brixo.se\/privatlan\/#\/schema\/logo\/image\/"},"sameAs":["https:\/\/sv-se.facebook.com\/brixoab\/"]}]}},"rttpg_featured_image_url":null,"rttpg_author":{"display_name":"rolance","author_link":"https:\/\/brixo.se\/privatlan\/author\/rolance\/"},"rttpg_comment":0,"rttpg_category":false,"rttpg_excerpt":null,"_links":{"self":[{"href":"https:\/\/brixo.se\/privatlan\/wp-json\/wp\/v2\/pages\/230"}],"collection":[{"href":"https:\/\/brixo.se\/privatlan\/wp-json\/wp\/v2\/pages"}],"about":[{"href":"https:\/\/brixo.se\/privatlan\/wp-json\/wp\/v2\/types\/page"}],"author":[{"embeddable":true,"href":"https:\/\/brixo.se\/privatlan\/wp-json\/wp\/v2\/users\/2"}],"replies":[{"embeddable":true,"href":"https:\/\/brixo.se\/privatlan\/wp-json\/wp\/v2\/comments?post=230"}],"version-history":[{"count":42,"href":"https:\/\/brixo.se\/privatlan\/wp-json\/wp\/v2\/pages\/230\/revisions"}],"predecessor-version":[{"id":5600,"href":"https:\/\/brixo.se\/privatlan\/wp-json\/wp\/v2\/pages\/230\/revisions\/5600"}],"up":[{"embeddable":true,"href":"https:\/\/brixo.se\/privatlan\/wp-json\/wp\/v2\/pages\/208"}],"wp:attachment":[{"href":"https:\/\/brixo.se\/privatlan\/wp-json\/wp\/v2\/media?parent=230"}],"wp:term":[{"taxonomy":"category","embeddable":true,"href":"https:\/\/brixo.se\/privatlan\/wp-json\/wp\/v2\/categories?post=230"}],"curies":[{"name":"wp","href":"https:\/\/api.w.org\/{rel}","templated":true}]}}